{"id":2,"date":"2021-05-19T16:32:33","date_gmt":"2021-05-19T16:32:33","guid":{"rendered":"http:\/\/www.multiglobal.eu\/edergi\/?page_id=2"},"modified":"2023-10-22T08:42:53","modified_gmt":"2023-10-22T08:42:53","slug":"sample-page","status":"publish","type":"page","link":"https:\/\/www.multiglobal.eu\/edergi\/","title":{"rendered":"Multi Global Son Say\u0131:"},"content":{"rendered":"\n<div class=\"wp-block-columns is-layout-flex wp-container-core-columns-is-layout-9d6595d7 wp-block-columns-is-layout-flex\">\n<div class=\"wp-block-column is-layout-flow wp-block-column-is-layout-flow\" style=\"flex-basis:100%\">\n<p class=\"has-text-align-center\">Multi Global Ayl\u0131k Akt\u00fcel Dergimizin en g\u00fcncel say\u0131s\u0131na a\u015fa\u011f\u0131daki g\u00f6rseli t\u0131klayarak ula\u015fabilirsiniz.<\/p>\n\n\n\n<figure class=\"wp-block-table\"><table><tbody><tr><td class=\"has-text-align-center\" data-align=\"center\"><div class=\"_3d-flip-book  fb3d-fullscreen-mode full-size\" data-id=\"443\" data-mode=\"fullscreen\" data-title=\"false\" data-template=\"short-white-book-view\" data-lightbox=\"dark\" data-urlparam=\"fb3d-page\" data-page-n=\"0\" data-pdf=\"\" data-tax=\"null\" data-thumbnail=\"\" data-cols=\"3\" data-query=\"\"><\/div><\/td><\/tr><\/tbody><\/table><\/figure>\n<\/div>\n<\/div>\n","protected":false},"excerpt":{"rendered":"<p>Multi Global Ayl\u0131k Akt\u00fcel Dergimizin en g\u00fcncel say\u0131s\u0131na a\u015fa\u011f\u0131daki g\u00f6rseli t\u0131klayarak ula\u015fabilirsiniz.<\/p>\n","protected":false},"author":1,"featured_media":0,"parent":0,"menu_order":0,"comment_status":"closed","ping_status":"open","template":"","meta":{"footnotes":""},"class_list":["post-2","page","type-page","status-publish","hentry"],"_links":{"self":[{"href":"https:\/\/www.multiglobal.eu\/edergi\/wp-json\/wp\/v2\/pages\/2","targetHints":{"allow":["GET"]}}],"collection":[{"href":"https:\/\/www.multiglobal.eu\/edergi\/wp-json\/wp\/v2\/pages"}],"about":[{"href":"https:\/\/www.multiglobal.eu\/edergi\/wp-json\/wp\/v2\/types\/page"}],"author":[{"embeddable":true,"href":"https:\/\/www.multiglobal.eu\/edergi\/wp-json\/wp\/v2\/users\/1"}],"replies":[{"embeddable":true,"href":"https:\/\/www.multiglobal.eu\/edergi\/wp-json\/wp\/v2\/comments?post=2"}],"version-history":[{"count":41,"href":"https:\/\/www.multiglobal.eu\/edergi\/wp-json\/wp\/v2\/pages\/2\/revisions"}],"predecessor-version":[{"id":446,"href":"https:\/\/www.multiglobal.eu\/edergi\/wp-json\/wp\/v2\/pages\/2\/revisions\/446"}],"wp:attachment":[{"href":"https:\/\/www.multiglobal.eu\/edergi\/wp-json\/wp\/v2\/media?parent=2"}],"curies":[{"name":"wp","href":"https:\/\/api.w.org\/{rel}","templated":true}]}}